{"id":110,"date":"2017-08-01T23:00:59","date_gmt":"2017-08-01T23:00:59","guid":{"rendered":"https:\/\/losmasis.org\/?page_id=110"},"modified":"2020-06-01T13:52:28","modified_gmt":"2020-06-01T13:52:28","slug":"grupos-musicales","status":"publish","type":"page","link":"https:\/\/www.losmasis.org\/de\/grupos-musicales\/","title":{"rendered":"Musikgruppen"},"content":{"rendered":"<p>Unter dem gro\u00dfen Dach des Centro Cultural Masis existieren mehrere &#8222;Musikgruppen&#8220; oder \u00dcbungsgruppen, die den Reichtum und die Vielfalt an Sch\u00fclern, Altersstufen und individuellen Entwicklungsschritten von Mitgliedern der Masis-Familie zeigen.<\/p>\n<p>Im Moment besteht die Musikschule aus folgenden Gruppen:<\/p>\n<p><a href=\"https:\/\/losmasis.org\/de\/los-juchuy-masis\/\">Los Juchuy Masis<\/a> (Kindergruppe)<\/p>\n<p><a href=\"https:\/\/losmasis.org\/de\/los-qarapanzas\/\">Los Q&#8217;arapanzas<\/a> (Das gro\u00dfe Andine Orchester der Winde)<\/p>\n<p><a href=\"https:\/\/losmasis.org\/de\/indomito\/\">Ind\u00f3mito<\/a> (von einigen fortgeschrittenen Sch\u00fclern gegr\u00fcndete popul\u00e4re Band)<\/p>","protected":false},"excerpt":{"rendered":"<p>Unter dem gro\u00dfen Dach des Centro Cultural Masis existieren mehrere &#8222;Musikgruppen&#8220; oder \u00dcbungsgruppen, die den Reichtum und die Vielfalt an Sch\u00fclern, Altersstufen und individuellen Entwicklungsschritten von Mitgliedern der Masis-Familie zeigen. Im Moment besteht die Musikschule aus folgenden Gruppen: Los Juchuy Masis (Kindergruppe) Los Q&#8217;arapanzas (Das gro\u00dfe Andine Orchester der Winde) Ind\u00f3mito (von einigen fortgeschrittenen Sch\u00fclern [&hellip;]<\/p>\n","protected":false},"author":1,"featured_media":0,"parent":0,"menu_order":0,"comment_status":"closed","ping_status":"closed","template":"","meta":[],"_links":{"self":[{"href":"https:\/\/www.losmasis.org\/de\/wp-json\/wp\/v2\/pages\/110"}],"collection":[{"href":"https:\/\/www.losmasis.org\/de\/wp-json\/wp\/v2\/pages"}],"about":[{"href":"https:\/\/www.losmasis.org\/de\/wp-json\/wp\/v2\/types\/page"}],"author":[{"embeddable":true,"href":"https:\/\/www.losmasis.org\/de\/wp-json\/wp\/v2\/users\/1"}],"replies":[{"embeddable":true,"href":"https:\/\/www.losmasis.org\/de\/wp-json\/wp\/v2\/comments?post=110"}],"version-history":[{"count":2,"href":"https:\/\/www.losmasis.org\/de\/wp-json\/wp\/v2\/pages\/110\/revisions"}],"predecessor-version":[{"id":1301,"href":"https:\/\/www.losmasis.org\/de\/wp-json\/wp\/v2\/pages\/110\/revisions\/1301"}],"wp:attachment":[{"href":"https:\/\/www.losmasis.org\/de\/wp-json\/wp\/v2\/media?parent=110"}],"curies":[{"name":"wp","href":"https:\/\/api.w.org\/{rel}","templated":true}]}}