{"id":111,"date":"2017-08-01T23:00:59","date_gmt":"2017-08-01T23:00:59","guid":{"rendered":"https:\/\/losmasis.org\/?page_id=111"},"modified":"2017-08-01T23:00:59","modified_gmt":"2017-08-01T23:00:59","slug":"los-juchuy-masis","status":"publish","type":"page","link":"https:\/\/www.losmasis.org\/de\/los-juchuy-masis\/","title":{"rendered":"Los Juchuy Masis"},"content":{"rendered":"<p>https:\/\/youtu.be\/SVcwUZA1SZk<\/p>\n<p>Los Juchuy Masis ist die Folklore-Kindergruppe, die die j\u00fcngsten Sch\u00fcler unserer Musikschule repr\u00e4sentiert. Ihre Teilnahme an den Aktivit\u00e4ten der Kulturzentrum Masis und die dabei gemachten Erfahrungen bringen, trotz ihres jungen Alters, zweifellos musikalische Pers\u00f6nlichkeiten und Entwicklungen h\u00f6chster Qualit\u00e4t hervor.<\/p>\n<div id='gallery-2' class='gallery galleryid-111 gallery-columns-3 gallery-size-thumbnail'><figure class='gallery-item'>\n\t\t\t<div class='gallery-icon landscape'>\n\t\t\t\t<a href='https:\/\/www.losmasis.org\/de\/juchuy-masis-2\/'><img width=\"150\" height=\"150\" src=\"https:\/\/www.losmasis.org\/wp-content\/uploads\/2017\/08\/juchuy-masis-2-150x150.jpg\" class=\"attachment-thumbnail size-thumbnail\" alt=\"\" loading=\"lazy\" itemprop=\"image\" \/><\/a>\n\t\t\t<\/div><\/figure><figure class='gallery-item'>\n\t\t\t<div class='gallery-icon landscape'>\n\t\t\t\t<a href='https:\/\/www.losmasis.org\/de\/juchuy-masis-3\/'><img width=\"150\" height=\"150\" src=\"https:\/\/www.losmasis.org\/wp-content\/uploads\/2017\/08\/juchuy-masis-3-150x150.jpg\" class=\"attachment-thumbnail size-thumbnail\" alt=\"\" loading=\"lazy\" itemprop=\"image\" \/><\/a>\n\t\t\t<\/div><\/figure><figure class='gallery-item'>\n\t\t\t<div class='gallery-icon landscape'>\n\t\t\t\t<a href='https:\/\/www.losmasis.org\/de\/juchuy-masis-4\/'><img width=\"150\" height=\"150\" src=\"https:\/\/www.losmasis.org\/wp-content\/uploads\/2017\/08\/juchuy-masis-4-150x150.jpg\" class=\"attachment-thumbnail size-thumbnail\" alt=\"\" loading=\"lazy\" itemprop=\"image\" \/><\/a>\n\t\t\t<\/div><\/figure>\n\t\t<\/div>\n\n<p><\/p>","protected":false},"excerpt":{"rendered":"<p>https:\/\/youtu.be\/SVcwUZA1SZk Los Juchuy Masis ist die Folklore-Kindergruppe, die die j\u00fcngsten Sch\u00fcler unserer Musikschule repr\u00e4sentiert. Ihre Teilnahme an den Aktivit\u00e4ten der Kulturzentrum Masis und die dabei gemachten Erfahrungen bringen, trotz ihres jungen Alters, zweifellos musikalische Pers\u00f6nlichkeiten und Entwicklungen h\u00f6chster Qualit\u00e4t hervor.<\/p>\n","protected":false},"author":1,"featured_media":378,"parent":0,"menu_order":0,"comment_status":"closed","ping_status":"closed","template":"","meta":[],"_links":{"self":[{"href":"https:\/\/www.losmasis.org\/de\/wp-json\/wp\/v2\/pages\/111"}],"collection":[{"href":"https:\/\/www.losmasis.org\/de\/wp-json\/wp\/v2\/pages"}],"about":[{"href":"https:\/\/www.losmasis.org\/de\/wp-json\/wp\/v2\/types\/page"}],"author":[{"embeddable":true,"href":"https:\/\/www.losmasis.org\/de\/wp-json\/wp\/v2\/users\/1"}],"replies":[{"embeddable":true,"href":"https:\/\/www.losmasis.org\/de\/wp-json\/wp\/v2\/comments?post=111"}],"version-history":[{"count":0,"href":"https:\/\/www.losmasis.org\/de\/wp-json\/wp\/v2\/pages\/111\/revisions"}],"wp:featuredmedia":[{"embeddable":true,"href":"https:\/\/www.losmasis.org\/de\/wp-json\/wp\/v2\/media\/378"}],"wp:attachment":[{"href":"https:\/\/www.losmasis.org\/de\/wp-json\/wp\/v2\/media?parent=111"}],"curies":[{"name":"wp","href":"https:\/\/api.w.org\/{rel}","templated":true}]}}