{"id":904,"date":"2019-05-14T21:22:48","date_gmt":"2019-05-14T21:22:48","guid":{"rendered":"https:\/\/losmasis.org\/?page_id=904"},"modified":"2019-05-14T21:22:48","modified_gmt":"2019-05-14T21:22:48","slug":"los-masis-50-anos","status":"publish","type":"page","link":"https:\/\/www.losmasis.org\/en\/los-masis-50-anos\/","title":{"rendered":"Los Masis 50 a\u00f1os"},"content":{"rendered":"<p><iframe loading=\"lazy\" title=\"Ch&#039;allaricuna   Los Masis 2019\" width=\"720\" height=\"405\" src=\"https:\/\/www.youtube.com\/embed\/ISfFpwK2DRI?feature=oembed\" frameborder=\"0\" allow=\"accelerometer; autoplay; encrypted-media; gyroscope; picture-in-picture\" allowfullscreen><\/iframe><\/p>\n<p>&nbsp;<\/p>\n<p>Ch&#8217;allarikuna (Festejemonos), por 50 a\u00f1os de trabajo, festejemos por el gusto de haber formado generaciones de ni\u00f1os y j\u00f3venes que tienen un sano orgullo por ser Bolivianos, por cultivar y enriquecer identidad cultural.<\/p>\n<p><iframe loading=\"lazy\" title=\"Trailer 50 an?os 2\" width=\"720\" height=\"405\" src=\"https:\/\/www.youtube.com\/embed\/FsmuheQD0WY?feature=oembed\" frameborder=\"0\" allow=\"accelerometer; autoplay; encrypted-media; gyroscope; picture-in-picture\" allowfullscreen><\/iframe><\/p>\n<p>Abril fue el mes de festejo.<\/p>\n<p><a href=\"https:\/\/correodelsur.com\/cultura\/20190423_los-masis-sellan-50-anos-con-amigos-y-hermanos.html?fbclid=IwAR2BmQyBmjjXiIcoQW0madVqxIwUkswrr3hkKISpcLYpUiSyom6dNSC5Yb4\">Lanzamiento 50 a\u00f1os<\/a><\/p>\n<p><img loading=\"lazy\" class=\"alignnone size-full wp-image-913\" src=\"https:\/\/losmasis.org\/wp-content\/uploads\/2019\/05\/Masis-50-a\u00f1os-1.jpg\" alt=\"Masis 50 a\u00f1os 1\" width=\"840\" height=\"622\" \/><\/p>\n<p>&nbsp;<\/p>\n<p>&nbsp;<\/p>\n<p>&nbsp;<\/p>\n","protected":false},"excerpt":{"rendered":"<p>&nbsp; Ch&#8217;allarikuna (Festejemonos), por 50 a\u00f1os de trabajo, festejemos por el gusto de haber formado generaciones de ni\u00f1os y j\u00f3venes que tienen un sano orgullo por ser Bolivianos, por cultivar y enriquecer identidad cultural. Abril fue el mes de festejo. Lanzamiento 50 a\u00f1os &nbsp; &nbsp; &nbsp;<\/p>\n","protected":false},"author":1,"featured_media":0,"parent":0,"menu_order":0,"comment_status":"closed","ping_status":"closed","template":"","meta":[],"_links":{"self":[{"href":"https:\/\/www.losmasis.org\/en\/wp-json\/wp\/v2\/pages\/904"}],"collection":[{"href":"https:\/\/www.losmasis.org\/en\/wp-json\/wp\/v2\/pages"}],"about":[{"href":"https:\/\/www.losmasis.org\/en\/wp-json\/wp\/v2\/types\/page"}],"author":[{"embeddable":true,"href":"https:\/\/www.losmasis.org\/en\/wp-json\/wp\/v2\/users\/1"}],"replies":[{"embeddable":true,"href":"https:\/\/www.losmasis.org\/en\/wp-json\/wp\/v2\/comments?post=904"}],"version-history":[{"count":0,"href":"https:\/\/www.losmasis.org\/en\/wp-json\/wp\/v2\/pages\/904\/revisions"}],"wp:attachment":[{"href":"https:\/\/www.losmasis.org\/en\/wp-json\/wp\/v2\/media?parent=904"}],"curies":[{"name":"wp","href":"https:\/\/api.w.org\/{rel}","templated":true}]}}